{"id":16182,"date":"2024-01-29T16:49:28","date_gmt":"2024-01-29T15:49:28","guid":{"rendered":"https:\/\/www.vivreplushollister.com\/stomie\/?page_id=16182"},"modified":"2024-01-29T16:49:28","modified_gmt":"2024-01-29T15:49:28","slug":"connexion-utilisateur","status":"publish","type":"page","link":"https:\/\/www.vivreplushollister.com\/stomie\/connexion-utilisateur\/","title":{"rendered":"Connexion Utilisateur"},"content":{"rendered":"\n<h2>\n\t\tConnexion utilisateur\n\t<\/h2>\n\t<p>La page \u00e0 laquelle vous tentez d&rsquo;acc\u00e9der est r\u00e9serv\u00e9e aux adh\u00e9rents.<\/p>\n<p>Connectez-vous \u00e0 l&rsquo;aide du formulaire ci-dessous :<\/p>\n\n","protected":false},"excerpt":{"rendered":"<p>Connexion utilisateur La page \u00e0 laquelle vous tentez d&rsquo;acc\u00e9der est r\u00e9serv\u00e9e aux adh\u00e9rents. Connectez-vous \u00e0 l&rsquo;aide du formulaire ci-dessous :<\/p>\n","protected":false},"author":2,"featured_media":0,"parent":0,"menu_order":0,"comment_status":"closed","ping_status":"closed","template":"","meta":{"_acf_changed":false,"_price":"","_stock":"","_tribe_ticket_header":"","_tribe_default_ticket_provider":"","_tribe_ticket_capacity":"0","_ticket_start_date":"","_ticket_end_date":"","_tribe_ticket_show_description":"","_tribe_ticket_show_not_going":false,"_tribe_ticket_use_global_stock":"","_tribe_ticket_global_stock_level":"","_global_stock_mode":"","_global_stock_cap":"","_tribe_rsvp_for_event":"","_tribe_ticket_going_count":"","_tribe_ticket_not_going_count":"","_tribe_tickets_list":"[]","_tribe_ticket_has_attendee_info_fields":false,"footnotes":""},"class_list":["post-16182","page","type-page","status-publish","hentry"],"acf":[],"yoast_head":"<!-- This site is optimized with the Yoast SEO plugin v27.5 - https:\/\/yoast.com\/product\/yoast-seo-wordpress\/ -->\n<title>Connexion Utilisateur - Vivre Plus Hollister<\/title>\n<meta name=\"robots\" content=\"index, follow, max-snippet:-1, max-image-preview:large, max-video-preview:-1\" \/>\n<link rel=\"canonical\" href=\"https:\/\/www.vivreplushollister.com\/stomie\/connexion-utilisateur\/\" \/>\n<meta property=\"og:locale\" content=\"fr_FR\" \/>\n<meta property=\"og:type\" content=\"article\" \/>\n<meta property=\"og:title\" content=\"Connexion Utilisateur - Vivre Plus Hollister\" \/>\n<meta property=\"og:description\" content=\"Connexion utilisateur La page \u00e0 laquelle vous tentez d&rsquo;acc\u00e9der est r\u00e9serv\u00e9e aux adh\u00e9rents. Connectez-vous \u00e0 l&rsquo;aide du formulaire ci-dessous :\" \/>\n<meta property=\"og:url\" content=\"https:\/\/www.vivreplushollister.com\/stomie\/connexion-utilisateur\/\" \/>\n<meta property=\"og:site_name\" content=\"Vivre Plus Hollister\" \/>\n<meta name=\"twitter:card\" content=\"summary_large_image\" \/>\n<script type=\"application\/ld+json\" class=\"yoast-schema-graph\">{\"@context\":\"https:\\\/\\\/schema.org\",\"@graph\":[{\"@type\":\"WebPage\",\"@id\":\"https:\\\/\\\/www.vivreplushollister.com\\\/stomie\\\/connexion-utilisateur\\\/\",\"url\":\"https:\\\/\\\/www.vivreplushollister.com\\\/stomie\\\/connexion-utilisateur\\\/\",\"name\":\"Connexion Utilisateur - Vivre Plus Hollister\",\"isPartOf\":{\"@id\":\"https:\\\/\\\/www.vivreplushollister.com\\\/stomie\\\/#website\"},\"datePublished\":\"2024-01-29T15:49:28+00:00\",\"breadcrumb\":{\"@id\":\"https:\\\/\\\/www.vivreplushollister.com\\\/stomie\\\/connexion-utilisateur\\\/#breadcrumb\"},\"inLanguage\":\"fr-FR\",\"potentialAction\":[{\"@type\":\"ReadAction\",\"target\":[\"https:\\\/\\\/www.vivreplushollister.com\\\/stomie\\\/connexion-utilisateur\\\/\"]}]},{\"@type\":\"BreadcrumbList\",\"@id\":\"https:\\\/\\\/www.vivreplushollister.com\\\/stomie\\\/connexion-utilisateur\\\/#breadcrumb\",\"itemListElement\":[{\"@type\":\"ListItem\",\"position\":1,\"name\":\"Accueil\",\"item\":\"https:\\\/\\\/www.vivreplushollister.com\\\/stomie\\\/\"},{\"@type\":\"ListItem\",\"position\":2,\"name\":\"Connexion Utilisateur\"}]},{\"@type\":\"WebSite\",\"@id\":\"https:\\\/\\\/www.vivreplushollister.com\\\/stomie\\\/#website\",\"url\":\"https:\\\/\\\/www.vivreplushollister.com\\\/stomie\\\/\",\"name\":\"Vivre Plus Hollister\",\"description\":\"\",\"potentialAction\":[{\"@type\":\"SearchAction\",\"target\":{\"@type\":\"EntryPoint\",\"urlTemplate\":\"https:\\\/\\\/www.vivreplushollister.com\\\/stomie\\\/?s={search_term_string}\"},\"query-input\":{\"@type\":\"PropertyValueSpecification\",\"valueRequired\":true,\"valueName\":\"search_term_string\"}}],\"inLanguage\":\"fr-FR\"}]}<\/script>\n<!-- \/ Yoast SEO plugin. -->","yoast_head_json":{"title":"Connexion Utilisateur - Vivre Plus Hollister","robots":{"index":"index","follow":"follow","max-snippet":"max-snippet:-1","max-image-preview":"max-image-preview:large","max-video-preview":"max-video-preview:-1"},"canonical":"https:\/\/www.vivreplushollister.com\/stomie\/connexion-utilisateur\/","og_locale":"fr_FR","og_type":"article","og_title":"Connexion Utilisateur - Vivre Plus Hollister","og_description":"Connexion utilisateur La page \u00e0 laquelle vous tentez d&rsquo;acc\u00e9der est r\u00e9serv\u00e9e aux adh\u00e9rents. Connectez-vous \u00e0 l&rsquo;aide du formulaire ci-dessous :","og_url":"https:\/\/www.vivreplushollister.com\/stomie\/connexion-utilisateur\/","og_site_name":"Vivre Plus Hollister","twitter_card":"summary_large_image","schema":{"@context":"https:\/\/schema.org","@graph":[{"@type":"WebPage","@id":"https:\/\/www.vivreplushollister.com\/stomie\/connexion-utilisateur\/","url":"https:\/\/www.vivreplushollister.com\/stomie\/connexion-utilisateur\/","name":"Connexion Utilisateur - Vivre Plus Hollister","isPartOf":{"@id":"https:\/\/www.vivreplushollister.com\/stomie\/#website"},"datePublished":"2024-01-29T15:49:28+00:00","breadcrumb":{"@id":"https:\/\/www.vivreplushollister.com\/stomie\/connexion-utilisateur\/#breadcrumb"},"inLanguage":"fr-FR","potentialAction":[{"@type":"ReadAction","target":["https:\/\/www.vivreplushollister.com\/stomie\/connexion-utilisateur\/"]}]},{"@type":"BreadcrumbList","@id":"https:\/\/www.vivreplushollister.com\/stomie\/connexion-utilisateur\/#breadcrumb","itemListElement":[{"@type":"ListItem","position":1,"name":"Accueil","item":"https:\/\/www.vivreplushollister.com\/stomie\/"},{"@type":"ListItem","position":2,"name":"Connexion Utilisateur"}]},{"@type":"WebSite","@id":"https:\/\/www.vivreplushollister.com\/stomie\/#website","url":"https:\/\/www.vivreplushollister.com\/stomie\/","name":"Vivre Plus Hollister","description":"","potentialAction":[{"@type":"SearchAction","target":{"@type":"EntryPoint","urlTemplate":"https:\/\/www.vivreplushollister.com\/stomie\/?s={search_term_string}"},"query-input":{"@type":"PropertyValueSpecification","valueRequired":true,"valueName":"search_term_string"}}],"inLanguage":"fr-FR"}]}},"_links":{"self":[{"href":"https:\/\/www.vivreplushollister.com\/stomie\/wp-json\/wp\/v2\/pages\/16182","targetHints":{"allow":["GET"]}}],"collection":[{"href":"https:\/\/www.vivreplushollister.com\/stomie\/wp-json\/wp\/v2\/pages"}],"about":[{"href":"https:\/\/www.vivreplushollister.com\/stomie\/wp-json\/wp\/v2\/types\/page"}],"author":[{"embeddable":true,"href":"https:\/\/www.vivreplushollister.com\/stomie\/wp-json\/wp\/v2\/users\/2"}],"replies":[{"embeddable":true,"href":"https:\/\/www.vivreplushollister.com\/stomie\/wp-json\/wp\/v2\/comments?post=16182"}],"version-history":[{"count":2,"href":"https:\/\/www.vivreplushollister.com\/stomie\/wp-json\/wp\/v2\/pages\/16182\/revisions"}],"predecessor-version":[{"id":20423,"href":"https:\/\/www.vivreplushollister.com\/stomie\/wp-json\/wp\/v2\/pages\/16182\/revisions\/20423"}],"wp:attachment":[{"href":"https:\/\/www.vivreplushollister.com\/stomie\/wp-json\/wp\/v2\/media?parent=16182"}],"curies":[{"name":"wp","href":"https:\/\/api.w.org\/{rel}","templated":true}]}}