{"id":6,"date":"2016-08-22T12:29:42","date_gmt":"2016-08-22T10:29:42","guid":{"rendered":"https:\/\/www.vivreplushollister.com\/stomie\/index.php\/contact\/"},"modified":"2017-05-19T16:36:30","modified_gmt":"2017-05-19T14:36:30","slug":"contact","status":"publish","type":"page","link":"https:\/\/www.vivreplushollister.com\/stomie\/contact\/","title":{"rendered":"Contact"},"content":{"rendered":"<h1>\n\t\tContactez-nous<br \/>\n\t<\/h1>\n<h3>\n\t\t\tRemplissez le formulaire ci-contre ou :<br \/>\n\t\t<\/h3>\n<p><strong>Par e-mail\u00a0:<\/strong>\u00a0<a href=mailto:&#118;ivre&#112;l&#117;&#115;&#104;oll&#105;&#115;&#116;e&#114;&#64;h&#111;l&#108;ist&#101;&#114;&#46;co&#109;>&#118;&#105;&#118;&#114;e&#112;&#108;u&#115;&#104;o&#108;&#108;&#105;s&#116;er&#64;&#104;ollis&#116;&#101;&#114;.c&#111;m<\/a><\/p>\n<p><strong>Par t\u00e9l\u00e9phone\u00a0:<\/strong> 0800.47.92.67 (appel &amp; service gratuit)<\/p>\n<p><strong>Par courrier\u00a0: <\/strong><\/p>\n<p>Club Vivre +<\/p>\n<p>Hollister France<\/p>\n<p>Tour Franklin<br \/>100\/101 Terrasse Boieldieu<br \/>92042 PARIS LA DEFENSE<\/p>\n<p><strong>Visitez notre site\u00a0:<\/strong> <a href=\"http:\/\/www.hollister.fr\/\" target=\"_blank\">Hollister France<\/a><\/p>\n<div class=\"frm_forms  with_frm_style frm_style_formidable-style\" id=\"frm_form_13_container\" >\n<form enctype=\"multipart\/form-data\" method=\"post\" class=\"frm-show-form  frm_pro_form \" id=\"form_contact2\" >\n<div class=\"frm_form_fields \">\n<fieldset>\n<legend class=\"frm_hidden\">Contact<\/legend>\r\n\r\n<div class=\"frm_fields_container\">\n<input type=\"hidden\" name=\"frm_action\" value=\"create\" \/>\n<input type=\"hidden\" name=\"form_id\" value=\"13\" \/>\n<input type=\"hidden\" name=\"frm_hide_fields_13\" id=\"frm_hide_fields_13\" value=\"\" \/>\n<input type=\"hidden\" name=\"form_key\" value=\"contact2\" \/>\n<input type=\"hidden\" name=\"item_meta[0]\" value=\"\" \/>\n<input type=\"hidden\" id=\"frm_submit_entry_13\" name=\"frm_submit_entry_13\" value=\"f904160dff\" \/><input type=\"hidden\" name=\"_wp_http_referer\" value=\"\/stomie\/wp-json\/wp\/v2\/pages\/6\" \/><div id=\"frm_field_137_container\" class=\"frm_form_field form-field  frm_required_field frm_top_container frm_first frm_half\">\r\n    <label for=\"field_qh4icy2\" class=\"frm_primary_label\">Nom\r\n        <span class=\"frm_required\">*<\/span>\r\n    <\/label>\r\n    <input  type=\"text\" id=\"field_qh4icy2\" name=\"item_meta[137]\" value=\"\"  data-reqmsg=\"Ce champ ne peut pas \u00eatre vide\" aria-required=\"true\" data-invmsg=\"Nom est non valide\" aria-invalid=\"false\"   \/>\r\n    \r\n    \r\n<\/div>\n<div id=\"frm_field_138_container\" class=\"frm_form_field form-field  frm_required_field frm_top_container frm_half\">\r\n    <label for=\"field_ocfup12\" class=\"frm_primary_label\">Pr\u00e9nom\r\n        <span class=\"frm_required\">*<\/span>\r\n    <\/label>\r\n    <input  type=\"text\" id=\"field_ocfup12\" name=\"item_meta[138]\" value=\"\"  data-reqmsg=\"Ce champ ne peut pas \u00eatre vide\" aria-required=\"true\" data-invmsg=\"Pr\u00e9nom est non valide\" aria-invalid=\"false\"   \/>\r\n    \r\n    \r\n<\/div>\n<div id=\"frm_field_139_container\" class=\"frm_form_field form-field  frm_required_field frm_top_container frm_full\">\r\n    <label for=\"field_29yf4d2\" class=\"frm_primary_label\">Email\r\n        <span class=\"frm_required\">*<\/span>\r\n    <\/label>\r\n    <input type=\"email\" id=\"field_29yf4d2\" name=\"item_meta[139]\" value=\"\"  data-reqmsg=\"Ce champ ne peut pas \u00eatre vide\" aria-required=\"true\" data-invmsg=\"Please enter a valid email address\" aria-invalid=\"false\"  \/>\r\n    \r\n    \r\n<\/div>\n<div id=\"frm_field_141_container\" class=\"frm_form_field form-field  frm_required_field frm_top_container frm_full\">\r\n    <label for=\"field_e6lis62\" class=\"frm_primary_label\">Sujet\r\n        <span class=\"frm_required\">*<\/span>\r\n    <\/label>\r\n    <input  type=\"text\" id=\"field_e6lis62\" name=\"item_meta[141]\" value=\"\"  data-reqmsg=\"Ce champ ne peut pas \u00eatre vide\" aria-required=\"true\" data-invmsg=\"Sujet est non valide\" aria-invalid=\"false\"   \/>\r\n    \r\n    \r\n<\/div>\n<div id=\"frm_field_142_container\" class=\"frm_form_field form-field  frm_required_field frm_top_container frm_full\">\r\n    <label for=\"field_9jv0r12\" class=\"frm_primary_label\">Message\r\n        <span class=\"frm_required\">*<\/span>\r\n    <\/label>\r\n    <textarea name=\"item_meta[142]\" id=\"field_9jv0r12\" rows=\"5\"  data-reqmsg=\"Ce champ ne peut pas \u00eatre vide\" aria-required=\"true\" data-invmsg=\"Message est non valide\" aria-invalid=\"false\"  ><\/textarea>\r\n    \r\n    \r\n<\/div>\n<div id=\"frm_field_143_container\" class=\"frm_form_field form-field  frm_none_container\">\r\n    <label for=\"g-recaptcha-response\" class=\"frm_primary_label\">Captcha\r\n        <span class=\"frm_required\"><\/span>\r\n    <\/label>\r\n    <div  id=\"field_62n6q32\" class=\"g-recaptcha\" data-sitekey=\"6LfWr6ceAAAAAJsSnISESW2XzB4SuXg32HeH09fM\" data-size=\"normal\" data-theme=\"light\"><\/div>\r\n    \r\n    \r\n<\/div>\n<div id=\"frm_field_191_container\" class=\"frm_form_field form-field \">\r\n\t<div class=\"frm_submit\">\r\n\r\n<input type=\"submit\" value=\"Envoyer\"  class=\"frm_final_submit\" formnovalidate=\"formnovalidate\" \/>\r\n<img decoding=\"async\" class=\"frm_ajax_loading\" src=\"https:\/\/www.vivreplushollister.com\/stomie\/wp-content\/plugins\/formidable\/images\/ajax_loader.gif\" alt=\"Envoi\"\/>\r\n\r\n<\/div>\r\n<\/div>\n\t<input type=\"hidden\" name=\"item_key\" value=\"\" \/>\n\t\t\t<div id=\"frm_field_192_container\">\n\t\t\t<label for=\"field_uaya5\" >\n\t\t\t\tSi vous \u00eates un humain, ne remplissez pas ce champ.\t\t\t<\/label>\n\t\t\t<input  id=\"field_uaya5\" type=\"text\" class=\"frm_form_field form-field frm_verify\" name=\"item_meta[192]\" value=\"\"  \/>\n\t\t<\/div>\n\t\t<input name=\"frm_state\" type=\"hidden\" value=\"2\/vhfcIHgOy72EzV9X2+HSz+VEo2K2+\/GabtXg0LCNResmyEk1hxDLBq4Hs73N0i\" \/><\/div>\n<\/fieldset>\n<\/div>\n\n<\/form>\n<\/div>\n\n<p>Les informations collect\u00e9es par Hollister Inc. France font l\u2019objet d\u2019un traitement par un syst\u00e8me informatique et sont destin\u00e9es \u00e0 l\u2019am\u00e9lioration des produits et services, \u00e0 la gestion de la relation avec les utilisateurs, \u00e0 la prospection commerciale et \u00e0 la gestion du programme Vivre + par la soci\u00e9t\u00e9 Hollister Inc. France, seule destinataire de ces informations. Ces donn\u00e9es pourront \u00eatre transf\u00e9r\u00e9es et conserv\u00e9es au si\u00e8ge de Hollister Inc. aux Etats-Unis dans le respect de la loi \u00ab Informatique et Libert\u00e9s \u00bb du 6 janvier 1978. Conform\u00e9ment \u00e0 cette loi, vous b\u00e9n\u00e9ficiez d\u2019un droit d\u2019acc\u00e8s aux donn\u00e9es \u00e0 caract\u00e8re personnel vous concernant, ainsi qu\u2019un droit de demander \u00e0 ce que soient rectifi\u00e9es, mises \u00e0 jour ou supprim\u00e9es les donn\u00e9es inexactes, incompl\u00e8tes ou p\u00e9rim\u00e9es et de vous opposer \u00e0 ce que donn\u00e9es \u00e0 caract\u00e8re personnel vous concernant fasse l\u2019objet d\u2019un traitement. Si vous souhaitez exercer ces droits, veuillez-vous adresser au Responsable du traitement de la soci\u00e9t\u00e9 Hollister, Assistance Conseil, Tour Franklin, 100\/101 Terrasse Boieldieu, 92042 Paris la D\u00e9fense ou par email \u00e0 <a href=mailto:&#118;&#105;&#118;&#114;&#101;p&#108;us&#104;&#111;&#108;l&#105;&#115;ter&#64;ho&#108;l&#105;st&#101;r.&#99;&#111;m>&#118;i&#118;re&#112;&#108;u&#115;&#104;&#111;ll&#105;&#115;&#116;&#101;r&#64;&#104;&#111;l&#108;i&#115;ter.&#99;o&#109;<\/a> ou au num\u00e9ro vert 0800 47 92 67, appels et service gratuits.<\/p>\n","protected":false},"excerpt":{"rendered":"<p>Contactez-nous Remplissez le formulaire ci-contre ou : Par e-mail\u00a0:\u00a0 Par t\u00e9l\u00e9phone\u00a0: 0800.47.92.67 (appel &amp; service gratuit) Par courrier\u00a0: Club Vivre + Hollister France Tour Franklin100\/101 Terrasse Boieldieu92042 PARIS LA DEFENSE&hellip;<\/p>\n","protected":false},"author":2,"featured_media":0,"parent":0,"menu_order":0,"comment_status":"closed","ping_status":"closed","template":"","meta":{"_acf_changed":false,"_price":"","_stock":"","_tribe_ticket_header":"","_tribe_default_ticket_provider":"","_tribe_ticket_capacity":"0","_ticket_start_date":"","_ticket_end_date":"","_tribe_ticket_show_description":"","_tribe_ticket_show_not_going":false,"_tribe_ticket_use_global_stock":"","_tribe_ticket_global_stock_level":"","_global_stock_mode":"","_global_stock_cap":"","_tribe_rsvp_for_event":"","_tribe_ticket_going_count":"","_tribe_ticket_not_going_count":"","_tribe_tickets_list":"[]","_tribe_ticket_has_attendee_info_fields":false,"footnotes":""},"class_list":["post-6","page","type-page","status-publish","hentry"],"acf":[],"yoast_head":"<!-- This site is optimized with the Yoast SEO plugin v27.5 - https:\/\/yoast.com\/product\/yoast-seo-wordpress\/ -->\n<title>Contact - Vivre Plus Hollister<\/title>\n<meta name=\"robots\" content=\"index, follow, max-snippet:-1, max-image-preview:large, max-video-preview:-1\" \/>\n<link rel=\"canonical\" href=\"https:\/\/www.vivreplushollister.com\/stomie\/contact\/\" \/>\n<meta property=\"og:locale\" content=\"fr_FR\" \/>\n<meta property=\"og:type\" content=\"article\" \/>\n<meta property=\"og:title\" content=\"Contact - Vivre Plus Hollister\" \/>\n<meta property=\"og:description\" content=\"Contactez-nous Remplissez le formulaire ci-contre ou : Par e-mail\u00a0:\u00a0 Par t\u00e9l\u00e9phone\u00a0: 0800.47.92.67 (appel &amp; service gratuit) Par courrier\u00a0: Club Vivre + Hollister France Tour Franklin100\/101 Terrasse Boieldieu92042 PARIS LA DEFENSE&hellip;\" \/>\n<meta property=\"og:url\" content=\"https:\/\/www.vivreplushollister.com\/stomie\/contact\/\" \/>\n<meta property=\"og:site_name\" content=\"Vivre Plus Hollister\" \/>\n<meta property=\"article:modified_time\" content=\"2017-05-19T14:36:30+00:00\" \/>\n<meta name=\"twitter:card\" content=\"summary_large_image\" \/>\n<meta name=\"twitter:label1\" content=\"Dur\u00e9e de lecture estim\u00e9e\" \/>\n\t<meta name=\"twitter:data1\" content=\"1 minute\" \/>\n<script type=\"application\/ld+json\" class=\"yoast-schema-graph\">{\"@context\":\"https:\\\/\\\/schema.org\",\"@graph\":[{\"@type\":\"WebPage\",\"@id\":\"https:\\\/\\\/www.vivreplushollister.com\\\/stomie\\\/contact\\\/\",\"url\":\"https:\\\/\\\/www.vivreplushollister.com\\\/stomie\\\/contact\\\/\",\"name\":\"Contact - Vivre Plus Hollister\",\"isPartOf\":{\"@id\":\"https:\\\/\\\/www.vivreplushollister.com\\\/stomie\\\/#website\"},\"datePublished\":\"2016-08-22T10:29:42+00:00\",\"dateModified\":\"2017-05-19T14:36:30+00:00\",\"breadcrumb\":{\"@id\":\"https:\\\/\\\/www.vivreplushollister.com\\\/stomie\\\/contact\\\/#breadcrumb\"},\"inLanguage\":\"fr-FR\",\"potentialAction\":[{\"@type\":\"ReadAction\",\"target\":[\"https:\\\/\\\/www.vivreplushollister.com\\\/stomie\\\/contact\\\/\"]}]},{\"@type\":\"BreadcrumbList\",\"@id\":\"https:\\\/\\\/www.vivreplushollister.com\\\/stomie\\\/contact\\\/#breadcrumb\",\"itemListElement\":[{\"@type\":\"ListItem\",\"position\":1,\"name\":\"Accueil\",\"item\":\"https:\\\/\\\/www.vivreplushollister.com\\\/stomie\\\/\"},{\"@type\":\"ListItem\",\"position\":2,\"name\":\"Contact\"}]},{\"@type\":\"WebSite\",\"@id\":\"https:\\\/\\\/www.vivreplushollister.com\\\/stomie\\\/#website\",\"url\":\"https:\\\/\\\/www.vivreplushollister.com\\\/stomie\\\/\",\"name\":\"Vivre Plus Hollister\",\"description\":\"\",\"potentialAction\":[{\"@type\":\"SearchAction\",\"target\":{\"@type\":\"EntryPoint\",\"urlTemplate\":\"https:\\\/\\\/www.vivreplushollister.com\\\/stomie\\\/?s={search_term_string}\"},\"query-input\":{\"@type\":\"PropertyValueSpecification\",\"valueRequired\":true,\"valueName\":\"search_term_string\"}}],\"inLanguage\":\"fr-FR\"}]}<\/script>\n<!-- \/ Yoast SEO plugin. -->","yoast_head_json":{"title":"Contact - Vivre Plus Hollister","robots":{"index":"index","follow":"follow","max-snippet":"max-snippet:-1","max-image-preview":"max-image-preview:large","max-video-preview":"max-video-preview:-1"},"canonical":"https:\/\/www.vivreplushollister.com\/stomie\/contact\/","og_locale":"fr_FR","og_type":"article","og_title":"Contact - Vivre Plus Hollister","og_description":"Contactez-nous Remplissez le formulaire ci-contre ou : Par e-mail\u00a0:\u00a0 Par t\u00e9l\u00e9phone\u00a0: 0800.47.92.67 (appel &amp; service gratuit) Par courrier\u00a0: Club Vivre + Hollister France Tour Franklin100\/101 Terrasse Boieldieu92042 PARIS LA DEFENSE&hellip;","og_url":"https:\/\/www.vivreplushollister.com\/stomie\/contact\/","og_site_name":"Vivre Plus Hollister","article_modified_time":"2017-05-19T14:36:30+00:00","twitter_card":"summary_large_image","twitter_misc":{"Dur\u00e9e de lecture estim\u00e9e":"1 minute"},"schema":{"@context":"https:\/\/schema.org","@graph":[{"@type":"WebPage","@id":"https:\/\/www.vivreplushollister.com\/stomie\/contact\/","url":"https:\/\/www.vivreplushollister.com\/stomie\/contact\/","name":"Contact - Vivre Plus Hollister","isPartOf":{"@id":"https:\/\/www.vivreplushollister.com\/stomie\/#website"},"datePublished":"2016-08-22T10:29:42+00:00","dateModified":"2017-05-19T14:36:30+00:00","breadcrumb":{"@id":"https:\/\/www.vivreplushollister.com\/stomie\/contact\/#breadcrumb"},"inLanguage":"fr-FR","potentialAction":[{"@type":"ReadAction","target":["https:\/\/www.vivreplushollister.com\/stomie\/contact\/"]}]},{"@type":"BreadcrumbList","@id":"https:\/\/www.vivreplushollister.com\/stomie\/contact\/#breadcrumb","itemListElement":[{"@type":"ListItem","position":1,"name":"Accueil","item":"https:\/\/www.vivreplushollister.com\/stomie\/"},{"@type":"ListItem","position":2,"name":"Contact"}]},{"@type":"WebSite","@id":"https:\/\/www.vivreplushollister.com\/stomie\/#website","url":"https:\/\/www.vivreplushollister.com\/stomie\/","name":"Vivre Plus Hollister","description":"","potentialAction":[{"@type":"SearchAction","target":{"@type":"EntryPoint","urlTemplate":"https:\/\/www.vivreplushollister.com\/stomie\/?s={search_term_string}"},"query-input":{"@type":"PropertyValueSpecification","valueRequired":true,"valueName":"search_term_string"}}],"inLanguage":"fr-FR"}]}},"_links":{"self":[{"href":"https:\/\/www.vivreplushollister.com\/stomie\/wp-json\/wp\/v2\/pages\/6","targetHints":{"allow":["GET"]}}],"collection":[{"href":"https:\/\/www.vivreplushollister.com\/stomie\/wp-json\/wp\/v2\/pages"}],"about":[{"href":"https:\/\/www.vivreplushollister.com\/stomie\/wp-json\/wp\/v2\/types\/page"}],"author":[{"embeddable":true,"href":"https:\/\/www.vivreplushollister.com\/stomie\/wp-json\/wp\/v2\/users\/2"}],"replies":[{"embeddable":true,"href":"https:\/\/www.vivreplushollister.com\/stomie\/wp-json\/wp\/v2\/comments?post=6"}],"version-history":[{"count":0,"href":"https:\/\/www.vivreplushollister.com\/stomie\/wp-json\/wp\/v2\/pages\/6\/revisions"}],"wp:attachment":[{"href":"https:\/\/www.vivreplushollister.com\/stomie\/wp-json\/wp\/v2\/media?parent=6"}],"curies":[{"name":"wp","href":"https:\/\/api.w.org\/{rel}","templated":true}]}}